{"id":241,"date":"2026-02-18T09:14:51","date_gmt":"2026-02-18T09:14:51","guid":{"rendered":"https:\/\/annesophiederancourt.fr\/?page_id=241"},"modified":"2026-02-18T09:14:52","modified_gmt":"2026-02-18T09:14:52","slug":"mentions-legales","status":"publish","type":"page","link":"https:\/\/annesophiederancourt.fr\/?page_id=241","title":{"rendered":"Mentions l\u00e9gales"},"content":{"rendered":"\n<p><em>Conform\u00e9ment \u00e0 la loi n\u00b02004-575 du 21 juin 2004 pour la confiance dans l\u2019\u00e9conomie num\u00e9rique<\/em><\/p>\n\n\n\n<hr class=\"wp-block-separator has-alpha-channel-opacity\"\/>\n\n\n\n<h2 class=\"wp-block-heading\">1. \u00c9diteur du site<\/h2>\n\n\n\n<p>Le pr\u00e9sent site, accessible \u00e0 l\u2019adresse <strong>annesophiederancourt.fr<\/strong>, est \u00e9dit\u00e9 par :<\/p>\n\n\n\n<p><strong>Anne-Sophie de Rancourt<\/strong><br>24 rue Marcel Tribut<br>37000 Tours<br>France<\/p>\n\n\n\n<p>Email : <a>annesophiederancourt@gmail.com<\/a><br>SIRET : 500 160 262<\/p>\n\n\n\n<p>Directrice de la publication : Anne-Sophie de Rancourt<\/p>\n\n\n\n<hr class=\"wp-block-separator has-alpha-channel-opacity\"\/>\n\n\n\n<h2 class=\"wp-block-heading\">2. H\u00e9bergement<\/h2>\n\n\n\n<p>Le site est h\u00e9berg\u00e9 par :<\/p>\n\n\n\n<p><strong>OVH<\/strong><br>OVH SAS<br>2 rue Kellermann<br>59100 Roubaix<br>France<br>T\u00e9l\u00e9phone : 1007<br>Site web : <a href=\"https:\/\/www.ovhcloud.com\">https:\/\/www.ovhcloud.com<\/a><\/p>\n\n\n\n<hr class=\"wp-block-separator has-alpha-channel-opacity\"\/>\n\n\n\n<h2 class=\"wp-block-heading\">3. Propri\u00e9t\u00e9 intellectuelle<\/h2>\n\n\n\n<p>L\u2019ensemble du contenu pr\u00e9sent sur le site annesophiederancourt.fr (textes, images, graphismes, logo, structure, etc.) est la propri\u00e9t\u00e9 exclusive d\u2019Anne-Sophie de Rancourt, sauf mention contraire.<\/p>\n\n\n\n<p>Toute reproduction, repr\u00e9sentation, modification, publication, adaptation de tout ou partie des \u00e9l\u00e9ments du site, quel que soit le moyen ou le proc\u00e9d\u00e9 utilis\u00e9, est interdite sans autorisation \u00e9crite pr\u00e9alable.<\/p>\n\n\n\n<hr class=\"wp-block-separator has-alpha-channel-opacity\"\/>\n\n\n\n<h2 class=\"wp-block-heading\">4. Responsabilit\u00e9<\/h2>\n\n\n\n<p>L\u2019\u00e9ditrice du site s\u2019efforce de fournir des informations aussi pr\u00e9cises que possible. Toutefois, elle ne pourra \u00eatre tenue responsable des omissions, inexactitudes ou carences dans la mise \u00e0 jour.<\/p>\n\n\n\n<p>Le site peut contenir des liens vers d\u2019autres sites. L\u2019\u00e9ditrice ne saurait \u00eatre tenue responsable du contenu de ces sites externes.<\/p>\n\n\n\n<hr class=\"wp-block-separator has-alpha-channel-opacity\"\/>\n\n\n\n<h2 class=\"wp-block-heading\">5. Donn\u00e9es personnelles<\/h2>\n\n\n\n<p>Les informations concernant la collecte et le traitement des donn\u00e9es personnelles sont d\u00e9taill\u00e9es dans la rubrique \u00ab Politique de confidentialit\u00e9 \u00bb.<\/p>\n\n\n\n<p>Conform\u00e9ment au R\u00e8glement G\u00e9n\u00e9ral sur la Protection des Donn\u00e9es (RGPD), vous disposez d\u2019un droit d\u2019acc\u00e8s, de rectification et de suppression des donn\u00e9es vous concernant.<\/p>\n\n\n\n<p>Pour exercer ce droit : <a>annesophiederancourt@gmail.com<\/a><\/p>\n\n\n\n<p>En cas de litige, vous pouvez saisir la Commission Nationale de l&#8217;Informatique et des Libert\u00e9s.<\/p>\n\n\n\n<hr class=\"wp-block-separator has-alpha-channel-opacity\"\/>\n\n\n\n<h2 class=\"wp-block-heading\">6. Cookies<\/h2>\n\n\n\n<p>Le site peut utiliser des cookies afin d\u2019am\u00e9liorer l\u2019exp\u00e9rience utilisateur et de mesurer l\u2019audience.<\/p>\n\n\n\n<p>L\u2019utilisateur peut param\u00e9trer ses pr\u00e9f\u00e9rences via le bandeau de gestion des cookies.<\/p>\n","protected":false},"excerpt":{"rendered":"<p>Conform\u00e9ment \u00e0 la loi n\u00b02004-575 du 21 juin 2004 pour la confiance dans l\u2019\u00e9conomie num\u00e9rique 1. \u00c9diteur du site Le pr\u00e9sent site, accessible \u00e0 l\u2019adresse annesophiederancourt.fr, est \u00e9dit\u00e9 par : &hellip; <\/p>\n","protected":false},"author":1,"featured_media":0,"parent":0,"menu_order":0,"comment_status":"closed","ping_status":"closed","template":"","meta":{"footnotes":""},"class_list":["post-241","page","type-page","status-publish","hentry","has-meta has-sticky-meta","latest_post"],"_links":{"self":[{"href":"https:\/\/annesophiederancourt.fr\/index.php?rest_route=\/wp\/v2\/pages\/241","targetHints":{"allow":["GET"]}}],"collection":[{"href":"https:\/\/annesophiederancourt.fr\/index.php?rest_route=\/wp\/v2\/pages"}],"about":[{"href":"https:\/\/annesophiederancourt.fr\/index.php?rest_route=\/wp\/v2\/types\/page"}],"author":[{"embeddable":true,"href":"https:\/\/annesophiederancourt.fr\/index.php?rest_route=\/wp\/v2\/users\/1"}],"replies":[{"embeddable":true,"href":"https:\/\/annesophiederancourt.fr\/index.php?rest_route=%2Fwp%2Fv2%2Fcomments&post=241"}],"version-history":[{"count":1,"href":"https:\/\/annesophiederancourt.fr\/index.php?rest_route=\/wp\/v2\/pages\/241\/revisions"}],"predecessor-version":[{"id":242,"href":"https:\/\/annesophiederancourt.fr\/index.php?rest_route=\/wp\/v2\/pages\/241\/revisions\/242"}],"wp:attachment":[{"href":"https:\/\/annesophiederancourt.fr\/index.php?rest_route=%2Fwp%2Fv2%2Fmedia&parent=241"}],"curies":[{"name":"wp","href":"https:\/\/api.w.org\/{rel}","templated":true}]}}